{"id":256,"date":"2020-11-02T14:35:36","date_gmt":"2020-11-02T13:35:36","guid":{"rendered":"https:\/\/boutique.meublesleclerc.fr\/?page_id=256"},"modified":"2020-11-02T14:35:37","modified_gmt":"2020-11-02T13:35:37","slug":"moyens-de-paiments","status":"publish","type":"page","link":"https:\/\/boutique.meublesleclerc.fr\/?page_id=256","title":{"rendered":"Moyens de paiments"},"content":{"rendered":"\n<div class=\"wp-block-group\"><div class=\"wp-block-group__inner-container is-layout-flow wp-block-group-is-layout-flow\">\n<div class=\"wp-block-group\"><div class=\"wp-block-group__inner-container is-layout-flow wp-block-group-is-layout-flow\">\n<h2 class=\"wp-block-heading\">Nos solutions:<\/h2>\n<\/div><\/div>\n\n\n\n<p>Par virement:<\/p>\n\n\n\n<p>A la validation de la commande le RIB vous sera communiquer pour effectuer le virement, suite \u00e0 la r\u00e9ception de celui-ci un rendez -vous, pour la livraison, sera pris par t\u00e9l\u00e9phone.<\/p>\n\n\n\n<p>Par ch\u00e8que:<\/p>\n\n\n\n<p>Envoyer votre ch\u00e8que \u00e0 l&rsquo;adresse suivante:<\/p>\n\n\n\n<p>Meubles LeClerc<\/p>\n\n\n\n<p>Route de Montpellier<\/p>\n\n\n\n<p>34700 Lod\u00e8ve<\/p>\n\n\n\n<p>Par ch\u00e8que \u00e0 la livraison:<\/p>\n\n\n\n<p>A la livraison par ch\u00e8que avant le d\u00e9chargement du v\u00e9hicule de livraison.<\/p>\n\n\n\n<p>En esp\u00e8ce \u00e0 la livraison:<\/p>\n\n\n\n<p>A la livraison en esp\u00e8ce avant le d\u00e9chargement du v\u00e9hicule de livraison.<\/p>\n\n\n\n<p>Par Paypal:<\/p>\n<\/div><\/div>\n\n\n\n<p>Le moyen le plus s\u00e9curis\u00e9 en ligne par carte bancaire.<\/p>\n","protected":false},"excerpt":{"rendered":"<p>Nos solutions: Par virement: A la validation de la commande le RIB vous sera communiquer pour effectuer le virement, suite<\/p>\n","protected":false},"author":1,"featured_media":0,"parent":0,"menu_order":0,"comment_status":"closed","ping_status":"closed","template":"","meta":{"footnotes":""},"class_list":["post-256","page","type-page","status-publish","hentry"],"_links":{"self":[{"href":"https:\/\/boutique.meublesleclerc.fr\/index.php?rest_route=\/wp\/v2\/pages\/256","targetHints":{"allow":["GET"]}}],"collection":[{"href":"https:\/\/boutique.meublesleclerc.fr\/index.php?rest_route=\/wp\/v2\/pages"}],"about":[{"href":"https:\/\/boutique.meublesleclerc.fr\/index.php?rest_route=\/wp\/v2\/types\/page"}],"author":[{"embeddable":true,"href":"https:\/\/boutique.meublesleclerc.fr\/index.php?rest_route=\/wp\/v2\/users\/1"}],"replies":[{"embeddable":true,"href":"https:\/\/boutique.meublesleclerc.fr\/index.php?rest_route=%2Fwp%2Fv2%2Fcomments&post=256"}],"version-history":[{"count":1,"href":"https:\/\/boutique.meublesleclerc.fr\/index.php?rest_route=\/wp\/v2\/pages\/256\/revisions"}],"predecessor-version":[{"id":257,"href":"https:\/\/boutique.meublesleclerc.fr\/index.php?rest_route=\/wp\/v2\/pages\/256\/revisions\/257"}],"wp:attachment":[{"href":"https:\/\/boutique.meublesleclerc.fr\/index.php?rest_route=%2Fwp%2Fv2%2Fmedia&parent=256"}],"curies":[{"name":"wp","href":"https:\/\/api.w.org\/{rel}","templated":true}]}}